{"id":615,"date":"2024-10-15T10:58:52","date_gmt":"2024-10-15T13:58:52","guid":{"rendered":"https:\/\/vladimirsafatle.info\/pensar_coletivo\/?page_id=615"},"modified":"2026-01-30T09:13:27","modified_gmt":"2026-01-30T12:13:27","slug":"pagina-inicial-2","status":"publish","type":"page","link":"https:\/\/vladimirsafatle.info\/pensar_coletivo\/","title":{"rendered":"P\u00e1gina Inicial Combo"},"content":{"rendered":"\t\t<div data-elementor-type=\"wp-page\" data-elementor-id=\"615\" class=\"elementor elementor-615\" data-elementor-post-type=\"page\">\n\t\t\t\t<div class=\"elementor-element elementor-element-dcfd43a e-con-full e-flex e-con e-parent\" data-id=\"dcfd43a\" data-element_type=\"container\" data-settings=\"{&quot;background_background&quot;:&quot;classic&quot;}\">\n\t\t\t\t<\/div>\n\t\t<div class=\"elementor-element elementor-element-820e2d1 e-flex e-con-boxed e-con e-parent\" data-id=\"820e2d1\" data-element_type=\"container\" data-settings=\"{&quot;background_background&quot;:&quot;classic&quot;}\">\n\t\t\t\t\t<div class=\"e-con-inner\">\n\t\t\t\t<div class=\"elementor-element elementor-element-3b181b7 elementor-widget elementor-widget-menu-anchor\" data-id=\"3b181b7\" data-element_type=\"widget\" data-widget_type=\"menu-anchor.default\">\n\t\t\t\t<div class=\"elementor-widget-container\">\n\t\t\t\t\t\t\t<div class=\"elementor-menu-anchor\" id=\"bio\"><\/div>\n\t\t\t\t\t\t<\/div>\n\t\t\t\t<\/div>\n\t\t\t\t<div class=\"elementor-element elementor-element-69b1db9 elementor-widget elementor-widget-heading\" data-id=\"69b1db9\" data-element_type=\"widget\" data-widget_type=\"heading.default\">\n\t\t\t\t<div class=\"elementor-widget-container\">\n\t\t\t\t\t<h2 class=\"elementor-heading-title elementor-size-default\">com Vladmir Safatle<\/h2>\t\t\t\t<\/div>\n\t\t\t\t<\/div>\n\t\t\t\t<div class=\"elementor-element elementor-element-26107f9 elementor-widget elementor-widget-text-editor\" data-id=\"26107f9\" data-element_type=\"widget\" data-widget_type=\"text-editor.default\">\n\t\t\t\t<div class=\"elementor-widget-container\">\n\t\t\t\t\t\t\t\t\tFil\u00f3sofo e psicanalista. Professor Titular do Departamento de filosofia e do Instituto de Psicologia da Universidade de S\u00e3o Paulo (USP), al\u00e9m de professor convidado e pesquisador em outras universidades e institui\u00e7\u00f5es europeias, africanas e norte-americanas (Paris I, Paris VII, Paris VIII, Paris X, Toulouse, Louvain, Stellenboch Institute of Advanced Studies\/Africa do Sul, Essex, Berkeley, Veneza). Um dos fundadores da International Society of Psychonalysis and Philosophy (SIPP-ISPP) e um dos coordenadores do Laborat\u00f3rio de Pesquisas em Teoria Social, Filosofia e Psican\u00e1lise (latesfip\/USP). Colunista da Folha de S\u00e3o Paulo por 10 anos, colunista do El Pa\u00eds por 3 anos, escreve para os principais jornais do pa\u00eds. Foi considerado pela Revista Veja como \u201cum dos pensadores de esquerda mais celebrados hoje no Brasil\u201d.\n\nAutor dos livros: A Paix\u00e3o do Negativo: Lacan e a dial\u00e9tica (Unesp 2006, finalista do pr\u00eamio Jabuti), Introdu\u00e7\u00e3o a Lacan (Aut\u00eantica, 2007) Grande hotel abismo: por uma reconstru\u00e7\u00e3o da teoria do reconhecimento (Martins Fontes, 2012), O Circuito dos Afetos: Corpos Pol\u00edticos, Desamparo e o Fim do Indiv\u00edduo (Aut\u00eantica, 2016), Maneiras de transformar mundos: Lacan, pol\u00edtica e emancipa\u00e7\u00e3o (Aut\u00eantica, 2019) e Neoliberalismo como gest\u00e3o do sofrimento ps\u00edquico (em co-organiza\u00e7\u00e3o), finalista do Pr\u00eamio Jabuti, 2022\t\t\t\t\t\t\t\t<\/div>\n\t\t\t\t<\/div>\n\t\t\t\t\t<\/div>\n\t\t\t\t<\/div>\n\t\t<div class=\"elementor-element elementor-element-592edfb e-flex e-con-boxed e-con e-parent\" data-id=\"592edfb\" data-element_type=\"container\" data-settings=\"{&quot;background_background&quot;:&quot;classic&quot;}\">\n\t\t\t\t\t<div class=\"e-con-inner\">\n\t\t\t\t<div class=\"elementor-element elementor-element-b83b953 elementor-widget elementor-widget-menu-anchor\" data-id=\"b83b953\" data-element_type=\"widget\" data-widget_type=\"menu-anchor.default\">\n\t\t\t\t<div class=\"elementor-widget-container\">\n\t\t\t\t\t\t\t<div class=\"elementor-menu-anchor\" id=\"inscricao\"><\/div>\n\t\t\t\t\t\t<\/div>\n\t\t\t\t<\/div>\n\t\t\t\t<div class=\"elementor-element elementor-element-defb2ac elementor-widget__width-inherit elementor-widget elementor-widget-heading\" data-id=\"defb2ac\" data-element_type=\"widget\" data-widget_type=\"heading.default\">\n\t\t\t\t<div class=\"elementor-widget-container\">\n\t\t\t\t\t<h2 class=\"elementor-heading-title elementor-size-default\">Cursos Gravados<\/h2>\t\t\t\t<\/div>\n\t\t\t\t<\/div>\n\t\t<div class=\"elementor-element elementor-element-67dcb31 e-grid e-con-full e-con e-child\" data-id=\"67dcb31\" data-element_type=\"container\" data-settings=\"{&quot;background_background&quot;:&quot;classic&quot;}\">\n\t\t\t\t<div class=\"elementor-element elementor-element-3fd0c47 elementor-widget__width-initial elementor-widget elementor-widget-heading\" data-id=\"3fd0c47\" data-element_type=\"widget\" data-widget_type=\"heading.default\">\n\t\t\t\t<div class=\"elementor-widget-container\">\n\t\t\t\t\t<h2 class=\"elementor-heading-title elementor-size-default\">Deixar de ser o que se \u00e9: entendendo os quatro conceitos centrais da psican\u00e1lise de forma cr\u00edtica<\/h2>\t\t\t\t<\/div>\n\t\t\t\t<\/div>\n\t\t\t\t<div class=\"elementor-element elementor-element-4d3f365 elementor-align-center elementor-widget elementor-widget-button\" data-id=\"4d3f365\" data-element_type=\"widget\" data-widget_type=\"button.default\">\n\t\t\t\t<div class=\"elementor-widget-container\">\n\t\t\t\t\t\t\t\t\t<div class=\"elementor-button-wrapper\">\n\t\t\t\t\t<a class=\"elementor-button elementor-button-link elementor-size-sm\" href=\"https:\/\/symp.la\/bbwgdj\" target=\"_blank\">\n\t\t\t\t\t\t<span class=\"elementor-button-content-wrapper\">\n\t\t\t\t\t\t\t\t\t<span class=\"elementor-button-text\">Saber Mais<\/span>\n\t\t\t\t\t<\/span>\n\t\t\t\t\t<\/a>\n\t\t\t\t<\/div>\n\t\t\t\t\t\t\t\t<\/div>\n\t\t\t\t<\/div>\n\t\t\t\t<\/div>\n\t\t<div class=\"elementor-element elementor-element-19eefcb e-grid e-con-full e-con e-child\" data-id=\"19eefcb\" data-element_type=\"container\" data-settings=\"{&quot;background_background&quot;:&quot;classic&quot;}\">\n\t\t\t\t<div class=\"elementor-element elementor-element-65490db elementor-widget__width-initial elementor-widget elementor-widget-heading\" data-id=\"65490db\" data-element_type=\"widget\" data-widget_type=\"heading.default\">\n\t\t\t\t<div class=\"elementor-widget-container\">\n\t\t\t\t\t<h2 class=\"elementor-heading-title elementor-size-default\">escrever a si mesmo: hist\u00f3rias do eu no ocidente<\/h2>\t\t\t\t<\/div>\n\t\t\t\t<\/div>\n\t\t\t\t<div class=\"elementor-element elementor-element-10f124d elementor-align-center elementor-widget elementor-widget-button\" data-id=\"10f124d\" data-element_type=\"widget\" data-widget_type=\"button.default\">\n\t\t\t\t<div class=\"elementor-widget-container\">\n\t\t\t\t\t\t\t\t\t<div class=\"elementor-button-wrapper\">\n\t\t\t\t\t<a class=\"elementor-button elementor-button-link elementor-size-sm\" href=\"https:\/\/www.sympla.com.br\/play\/historias-do-eu-no-ocidente-vladimir-safatle\/2690308\" target=\"_blank\">\n\t\t\t\t\t\t<span class=\"elementor-button-content-wrapper\">\n\t\t\t\t\t\t\t\t\t<span class=\"elementor-button-text\">Saber Mais<\/span>\n\t\t\t\t\t<\/span>\n\t\t\t\t\t<\/a>\n\t\t\t\t<\/div>\n\t\t\t\t\t\t\t\t<\/div>\n\t\t\t\t<\/div>\n\t\t\t\t<\/div>\n\t\t<div class=\"elementor-element elementor-element-b3b3f1f e-grid e-con-full e-con e-child\" data-id=\"b3b3f1f\" data-element_type=\"container\" data-settings=\"{&quot;background_background&quot;:&quot;classic&quot;}\">\n\t\t\t\t<div class=\"elementor-element elementor-element-0dce734 elementor-widget__width-initial elementor-widget elementor-widget-heading\" data-id=\"0dce734\" data-element_type=\"widget\" data-widget_type=\"heading.default\">\n\t\t\t\t<div class=\"elementor-widget-container\">\n\t\t\t\t\t<h2 class=\"elementor-heading-title elementor-size-default\">a psican\u00e1lise como cl\u00ednica e como cr\u00edtica:<br>uma maneira insubmissa de introduzir jacques lacan<\/h2>\t\t\t\t<\/div>\n\t\t\t\t<\/div>\n\t\t\t\t<div class=\"elementor-element elementor-element-5e0039c elementor-align-center elementor-widget elementor-widget-button\" data-id=\"5e0039c\" data-element_type=\"widget\" data-widget_type=\"button.default\">\n\t\t\t\t<div class=\"elementor-widget-container\">\n\t\t\t\t\t\t\t\t\t<div class=\"elementor-button-wrapper\">\n\t\t\t\t\t<a class=\"elementor-button elementor-button-link elementor-size-sm\" href=\"https:\/\/www.sympla.com.br\/play\/a-psicanalise-como-clinica-e-como-critica-jacques-lacan-vladimir-safatle-8-horas\/2353871\" target=\"_blank\">\n\t\t\t\t\t\t<span class=\"elementor-button-content-wrapper\">\n\t\t\t\t\t\t\t\t\t<span class=\"elementor-button-text\">Saber Mais<\/span>\n\t\t\t\t\t<\/span>\n\t\t\t\t\t<\/a>\n\t\t\t\t<\/div>\n\t\t\t\t\t\t\t\t<\/div>\n\t\t\t\t<\/div>\n\t\t\t\t<\/div>\n\t\t\t\t\t<\/div>\n\t\t\t\t<\/div>\n\t\t<div class=\"elementor-element elementor-element-3d23d11 e-flex e-con-boxed e-con e-parent\" data-id=\"3d23d11\" data-element_type=\"container\" data-settings=\"{&quot;background_background&quot;:&quot;classic&quot;}\">\n\t\t\t\t\t<div class=\"e-con-inner\">\n\t\t\t\t<div class=\"elementor-element elementor-element-4e84abf elementor-widget elementor-widget-menu-anchor\" data-id=\"4e84abf\" data-element_type=\"widget\" data-widget_type=\"menu-anchor.default\">\n\t\t\t\t<div class=\"elementor-widget-container\">\n\t\t\t\t\t\t\t<div class=\"elementor-menu-anchor\" id=\"info\"><\/div>\n\t\t\t\t\t\t<\/div>\n\t\t\t\t<\/div>\n\t\t\t\t<div class=\"elementor-element elementor-element-2a80db7 elementor-widget elementor-widget-heading\" data-id=\"2a80db7\" data-element_type=\"widget\" data-widget_type=\"heading.default\">\n\t\t\t\t<div class=\"elementor-widget-container\">\n\t\t\t\t\t<h2 class=\"elementor-heading-title elementor-size-default\">Saiba Mais<\/h2>\t\t\t\t<\/div>\n\t\t\t\t<\/div>\n\t\t\t\t<div class=\"elementor-element elementor-element-6ad758f elementor-widget elementor-widget-text-editor\" data-id=\"6ad758f\" data-element_type=\"widget\" data-widget_type=\"text-editor.default\">\n\t\t\t\t<div class=\"elementor-widget-container\">\n\t\t\t\t\t\t\t\t\t<p>O curso consiste em 4 aulas gravadas com dura\u00e7\u00e3o de cerca de 2 horas cada, com espa\u00e7o para debate ao final de cada uma delas. As aulas podem ser acessadas pelo per\u00edodo de 12 meses.<\/p><p>Live com o Professor Vladimir Safatle no dia 26 de mar\u00e7o de 2026 \u00e0s 19h.<\/p><p><em><strong>Certificado de conclus\u00e3o.<\/strong><\/em><\/p>\t\t\t\t\t\t\t\t<\/div>\n\t\t\t\t<\/div>\n\t\t\t\t\t<\/div>\n\t\t\t\t<\/div>\n\t\t<div class=\"elementor-element elementor-element-c8516c5 e-flex e-con-boxed e-con e-parent\" data-id=\"c8516c5\" data-element_type=\"container\" data-settings=\"{&quot;background_background&quot;:&quot;classic&quot;}\">\n\t\t\t\t\t<div class=\"e-con-inner\">\n\t\t\t\t<div class=\"elementor-element elementor-element-adbf59f elementor-widget elementor-widget-menu-anchor\" data-id=\"adbf59f\" data-element_type=\"widget\" data-widget_type=\"menu-anchor.default\">\n\t\t\t\t<div class=\"elementor-widget-container\">\n\t\t\t\t\t\t\t<div class=\"elementor-menu-anchor\" id=\"contato\"><\/div>\n\t\t\t\t\t\t<\/div>\n\t\t\t\t<\/div>\n\t\t<div class=\"elementor-element elementor-element-b040fb9 e-con-full e-flex e-con e-child\" data-id=\"b040fb9\" data-element_type=\"container\">\n\t\t\t\t<div class=\"elementor-element elementor-element-45b0e88 elementor-widget__width-initial elementor-widget elementor-widget-heading\" data-id=\"45b0e88\" data-element_type=\"widget\" data-widget_type=\"heading.default\">\n\t\t\t\t<div class=\"elementor-widget-container\">\n\t\t\t\t\t<h2 class=\"elementor-heading-title elementor-size-default\">contato<\/h2>\t\t\t\t<\/div>\n\t\t\t\t<\/div>\n\t\t\t\t<div class=\"elementor-element elementor-element-710238f elementor-widget__width-auto elementor-widget elementor-widget-heading\" data-id=\"710238f\" data-element_type=\"widget\" data-widget_type=\"heading.default\">\n\t\t\t\t<div class=\"elementor-widget-container\">\n\t\t\t\t\t<h2 class=\"elementor-heading-title elementor-size-default\">d\u00favidas pensar_coletivo<\/h2>\t\t\t\t<\/div>\n\t\t\t\t<\/div>\n\t\t\t\t<div class=\"elementor-element elementor-element-907dd92 elementor-widget__width-initial elementor-widget elementor-widget-text-editor\" data-id=\"907dd92\" data-element_type=\"widget\" data-widget_type=\"text-editor.default\">\n\t\t\t\t<div class=\"elementor-widget-container\">\n\t\t\t\t\t\t\t\t\t<p>pensar_coletivo@vladimirsafatle.info<\/p>\t\t\t\t\t\t\t\t<\/div>\n\t\t\t\t<\/div>\n\t\t\t\t<div class=\"elementor-element elementor-element-4ab608e elementor-widget__width-auto elementor-widget elementor-widget-heading\" data-id=\"4ab608e\" data-element_type=\"widget\" data-widget_type=\"heading.default\">\n\t\t\t\t<div class=\"elementor-widget-container\">\n\t\t\t\t\t<h2 class=\"elementor-heading-title elementor-size-default\">entrevistas\/palestras<\/h2>\t\t\t\t<\/div>\n\t\t\t\t<\/div>\n\t\t\t\t<div class=\"elementor-element elementor-element-b626b50 elementor-widget__width-auto elementor-widget elementor-widget-text-editor\" data-id=\"b626b50\" data-element_type=\"widget\" data-widget_type=\"text-editor.default\">\n\t\t\t\t<div class=\"elementor-widget-container\">\n\t\t\t\t\t\t\t\t\t<p><span style=\"color: var( --e-global-color-text ); font-family: var( --e-global-typography-text-font-family ), Sans-serif; font-weight: var( --e-global-typography-text-font-weight ); text-align: var(--text-align); background-color: var( --e-global-color-primary ); font-size: 1rem;\">contato@vladimirsafatle.info<\/span><br><\/p>\t\t\t\t\t\t\t\t<\/div>\n\t\t\t\t<\/div>\n\t\t\t\t<\/div>\n\t\t<div class=\"elementor-element elementor-element-f348db1 e-con-full e-flex e-con e-child\" data-id=\"f348db1\" data-element_type=\"container\">\n\t\t\t\t<div class=\"elementor-element elementor-element-bfc5ee0 elementor-widget__width-initial elementor-widget elementor-widget-heading\" data-id=\"bfc5ee0\" data-element_type=\"widget\" data-widget_type=\"heading.default\">\n\t\t\t\t<div class=\"elementor-widget-container\">\n\t\t\t\t\t<h2 class=\"elementor-heading-title elementor-size-default\">deseja receber not\u00edcias?<\/h2>\t\t\t\t<\/div>\n\t\t\t\t<\/div>\n\t\t\t\t<div class=\"elementor-element elementor-element-08c0297 elementor-widget__width-initial elementor-button-align-stretch elementor-widget elementor-widget-form\" data-id=\"08c0297\" data-element_type=\"widget\" data-settings=\"{&quot;step_next_label&quot;:&quot;Next&quot;,&quot;step_previous_label&quot;:&quot;Previous&quot;,&quot;button_width&quot;:&quot;100&quot;,&quot;step_type&quot;:&quot;number_text&quot;,&quot;step_icon_shape&quot;:&quot;circle&quot;}\" data-widget_type=\"form.default\">\n\t\t\t\t<div class=\"elementor-widget-container\">\n\t\t\t\t\t\t\t<form class=\"elementor-form\" method=\"post\" name=\"Cadastro\" aria-label=\"Cadastro\">\n\t\t\t<input type=\"hidden\" name=\"post_id\" value=\"615\"\/>\n\t\t\t<input type=\"hidden\" name=\"form_id\" value=\"08c0297\"\/>\n\t\t\t<input type=\"hidden\" name=\"referer_title\" value=\"\" \/>\n\n\t\t\t\t\t\t\t<input type=\"hidden\" name=\"queried_id\" value=\"615\"\/>\n\t\t\t\n\t\t\t<div class=\"elementor-form-fields-wrapper elementor-labels-\">\n\t\t\t\t\t\t\t\t<div class=\"elementor-field-type-text elementor-field-group elementor-column elementor-field-group-nome elementor-col-100\">\n\t\t\t\t\t\t\t\t\t\t\t\t<label for=\"form-field-nome\" class=\"elementor-field-label elementor-screen-only\">\n\t\t\t\t\t\t\t\tNome\t\t\t\t\t\t\t<\/label>\n\t\t\t\t\t\t\t\t\t\t\t\t\t\t<input size=\"1\" type=\"text\" name=\"form_fields[nome]\" id=\"form-field-nome\" class=\"elementor-field elementor-size-md  elementor-field-textual\" placeholder=\"Nome\">\n\t\t\t\t\t\t\t\t\t\t\t<\/div>\n\t\t\t\t\t\t\t\t<div class=\"elementor-field-type-email elementor-field-group elementor-column elementor-field-group-email elementor-col-100 elementor-field-required\">\n\t\t\t\t\t\t\t\t\t\t\t\t<label for=\"form-field-email\" class=\"elementor-field-label elementor-screen-only\">\n\t\t\t\t\t\t\t\tEmail\t\t\t\t\t\t\t<\/label>\n\t\t\t\t\t\t\t\t\t\t\t\t\t\t<input size=\"1\" type=\"email\" name=\"form_fields[email]\" id=\"form-field-email\" class=\"elementor-field elementor-size-md  elementor-field-textual\" placeholder=\"Email\" required=\"required\">\n\t\t\t\t\t\t\t\t\t\t\t<\/div>\n\t\t\t\t\t\t\t\t<div class=\"elementor-field-type-text elementor-field-group elementor-column elementor-field-group-whatsapp elementor-col-100\">\n\t\t\t\t\t\t\t\t\t\t\t\t<label for=\"form-field-whatsapp\" class=\"elementor-field-label elementor-screen-only\">\n\t\t\t\t\t\t\t\tWhatsApp\t\t\t\t\t\t\t<\/label>\n\t\t\t\t\t\t\t\t\t\t\t\t\t\t<input size=\"1\" type=\"text\" name=\"form_fields[whatsapp]\" id=\"form-field-whatsapp\" class=\"elementor-field elementor-size-md  elementor-field-textual\" placeholder=\"WhatsApp\">\n\t\t\t\t\t\t\t\t\t\t\t<\/div>\n\t\t\t\t\t\t\t\t<div class=\"elementor-field-group elementor-column elementor-field-type-submit elementor-col-100 e-form__buttons\">\n\t\t\t\t\t<button class=\"elementor-button elementor-size-sm\" type=\"submit\">\n\t\t\t\t\t\t<span class=\"elementor-button-content-wrapper\">\n\t\t\t\t\t\t\t\t\t\t\t\t\t\t\t\t\t\t\t\t\t\t<span class=\"elementor-button-text\">Assinar Newsletter<\/span>\n\t\t\t\t\t\t\t\t\t\t\t\t\t<\/span>\n\t\t\t\t\t<\/button>\n\t\t\t\t<\/div>\n\t\t\t<\/div>\n\t\t<\/form>\n\t\t\t\t\t\t<\/div>\n\t\t\t\t<\/div>\n\t\t\t\t<\/div>\n\t\t\t\t\t<\/div>\n\t\t\t\t<\/div>\n\t\t\t\t<\/div>\n\t\t","protected":false},"excerpt":{"rendered":"<p>com Vladmir Safatle Fil\u00f3sofo e psicanalista. Professor Titular do Departamento de filosofia e do Instituto de Psicologia da Universidade de S\u00e3o Paulo (USP), al\u00e9m de professor convidado e pesquisador em outras universidades e institui\u00e7\u00f5es europeias, africanas e norte-americanas (Paris I, Paris VII, Paris VIII, Paris X, Toulouse, Louvain, Stellenboch Institute of Advanced Studies\/Africa do Sul, [&hellip;]<\/p>\n","protected":false},"author":2,"featured_media":0,"parent":0,"menu_order":0,"comment_status":"closed","ping_status":"closed","template":"elementor_theme","meta":{"footnotes":""},"class_list":["post-615","page","type-page","status-publish","hentry"],"_links":{"self":[{"href":"https:\/\/vladimirsafatle.info\/pensar_coletivo\/wp-json\/wp\/v2\/pages\/615","targetHints":{"allow":["GET"]}}],"collection":[{"href":"https:\/\/vladimirsafatle.info\/pensar_coletivo\/wp-json\/wp\/v2\/pages"}],"about":[{"href":"https:\/\/vladimirsafatle.info\/pensar_coletivo\/wp-json\/wp\/v2\/types\/page"}],"author":[{"embeddable":true,"href":"https:\/\/vladimirsafatle.info\/pensar_coletivo\/wp-json\/wp\/v2\/users\/2"}],"replies":[{"embeddable":true,"href":"https:\/\/vladimirsafatle.info\/pensar_coletivo\/wp-json\/wp\/v2\/comments?post=615"}],"version-history":[{"count":88,"href":"https:\/\/vladimirsafatle.info\/pensar_coletivo\/wp-json\/wp\/v2\/pages\/615\/revisions"}],"predecessor-version":[{"id":733,"href":"https:\/\/vladimirsafatle.info\/pensar_coletivo\/wp-json\/wp\/v2\/pages\/615\/revisions\/733"}],"wp:attachment":[{"href":"https:\/\/vladimirsafatle.info\/pensar_coletivo\/wp-json\/wp\/v2\/media?parent=615"}],"curies":[{"name":"wp","href":"https:\/\/api.w.org\/{rel}","templated":true}]}}